{"id":9839,"date":"2020-08-25T14:52:15","date_gmt":"2020-08-25T12:52:15","guid":{"rendered":"https:\/\/www.incari.com\/?page_id=9839"},"modified":"2023-02-20T15:37:28","modified_gmt":"2023-02-20T14:37:28","slug":"%e7%89%88%e6%9c%ac%e8%af%b4%e6%98%8e","status":"publish","type":"page","link":"https:\/\/www.incari.com\/zh-hans\/%e7%89%88%e6%9c%ac%e8%af%b4%e6%98%8e\/","title":{"rendered":"\u7248\u672c\u8bf4\u660e"},"content":{"rendered":"\r\n<h3 class=\"wp-block-heading\">Datenschutzerkl\u00e4rung<\/h3>\r\n\r\n\r\n\r\n<p><strong>Geltungsbereich<\/strong><\/p>\r\n\r\n\r\n\r\n<p>Diese Datenschutzerkl\u00e4rung kl\u00e4rt Nutzer \u00fcber die Art, den Umfang und Zwecke der Erhebung und Verwendung personenbezogener Daten durch den verantwortlichen Anbieter Incari GmbH, Kemperplatz 1, 10785 Berlin, Tel.: +49 30 695 35 73-0, auf dieser Website (im folgenden \u201cAngebot\u201d) auf.<\/p>\r\n\r\n\r\n\r\n<p>Die rechtlichen Grundlagen des Datenschutzes finden sich im Bundesdatenschutzgesetz (BDSG) und dem Telemediengesetz (TMG).<\/p>\r\n\r\n\r\n\r\n<p><strong>Zugriffsdaten\/ Server-Logfiles<\/strong><\/p>\r\n\r\n\r\n\r\n<p><span class=\"sd-muster-content\">Der Anbieter (beziehungsweise sein Webspace-Provider) erhebt Daten \u00fcber jeden Zugriff auf das Angebot (so genannte Serverlogfiles). Zu den Zugriffsdaten geh\u00f6ren:<\/span><\/p>\r\n\r\n\r\n\r\n<p>Name der abgerufenen Webseite, Datei, Datum und Uhrzeit des Abrufs, \u00fcbertragene Datenmenge, Meldung \u00fcber erfolgreichen Abruf, Browsertyp nebst Version, das Betriebssystem des Nutzers, Referrer URL (die zuvor besuchte Seite), IP-Adresse und der anfragende Provider.<\/p>\r\n\r\n\r\n\r\n<p>Der Anbieter verwendet die Protokolldaten nur f\u00fcr statistische Auswertungen zum Zweck des Betriebs, der Sicherheit und der Optimierung des Angebotes. Der Anbieterbeh\u00e4lt sich jedoch vor, die Protokolldaten nachtr\u00e4glich zu \u00fcberpr\u00fcfen, wenn aufgrund konkreter Anhaltspunkte der berechtigte Verdacht einer rechtswidrigen Nutzung besteht.<\/p>\r\n\r\n\r\n\r\n<p><strong>Umgang mit personenbezogenen Daten<\/strong><\/p>\r\n\r\n\r\n\r\n<p><span class=\"sd-muster-content\">Personenbezogene Daten sind Informationen, mit deren Hilfe eine Person bestimmbar ist, also Angaben, die zur\u00fcck zu einer Person verfolgt werden k\u00f6nnen. Dazu geh\u00f6ren der Name, die Emailadresse oder die Telefonnummer. Aber auch Daten \u00fcber Vorlieben, Hobbies, Mitgliedschaften oder welche Webseiten von jemandem angesehen wurden z\u00e4hlen zu personenbezogenen Daten.<\/span><\/p>\r\n\r\n\r\n\r\n<p>Personenbezogene Daten werden von dem Anbieter nur dann erhoben, genutzt und weiter gegeben, wenn dies gesetzlich erlaubt ist oder die Nutzer in die Datenerhebung einwilligen.<\/p>\r\n\r\n\r\n\r\n<p><strong>Kontaktaufnahme<\/strong><\/p>\r\n\r\n\r\n\r\n<p><span class=\"sd-muster-content\">Bei der Kontaktaufnahme mit dem Anbieter (zum Beispiel per Kontaktformular oder E-Mail) werden die Angaben des Nutzers zwecks Bearbeitung der Anfrage sowie f\u00fcr den Fall, dass Anschlussfragen entstehen, gespeichert.<\/span><\/p>\r\n\r\n\r\n\r\n<p><strong>Einbindung von Diensten und Inhalten Dritter<\/strong><\/p>\r\n\r\n\r\n\r\n<p><span class=\"sd-muster-content\">Es kann vorkommen, dass innerhalb dieses Onlineangebotes Inhalte Dritter, wie zum Beispiel Videos von YouTube, Kartenmaterial von Google-Maps, RSS-Feeds oder Grafiken von anderen Webseiten eingebunden werden. Dies setzt immer voraus, dass die Anbieter dieser Inhalte (nachfolgend bezeichnet als \u201cDritt-Anbieter\u201d) die IP-Adresse der Nutzer wahr nehmen. Denn ohne die IP-Adresse, k\u00f6nnten sie die Inhalte nicht an den Browser des jeweiligen Nutzers senden. Die IP-Adresse ist damit f\u00fcr die Darstellung dieser Inhalte erforderlich. Wir bem\u00fchen uns nur solche Inhalte zu verwenden, deren jeweilige Anbieter die IP-Adresse lediglich zur Auslieferung der Inhalte verwenden. Jedoch haben wir keinen Einfluss darauf, falls die Dritt-Anbieter die IP-Adresse z.B. f\u00fcr statistische Zwecke speichern. Soweit dies uns bekannt ist, kl\u00e4ren wir die Nutzer dar\u00fcber auf.<br \/><\/span><\/p>\r\n\r\n\r\n\r\n<p><strong>Cookies<\/strong><\/p>\r\n\r\n\r\n\r\n<p><span class=\"sd-muster-content\">Cookies sind kleine Dateien, die es erm\u00f6glichen, auf dem Zugriffsger\u00e4t der Nutzer (PC, Smartphone o.\u00e4.) spezifische, auf das Ger\u00e4t bezogene Informationen zu speichern. Sie dienen zum einem der Benutzerfreundlichkeit von Webseiten und damit den Nutzern (z.B. Speicherung von Logindaten). Zum anderen dienen sie, um die statistische Daten der Webseitennutzung zu erfassen und sie zwecks Verbesserung des Angebotes analysieren zu k\u00f6nnen. Die Nutzer k\u00f6nnen auf den Einsatz der Cookies Einfluss nehmen. Die meisten Browser verf\u00fcgen eine Option mit der das Speichern von Cookies eingeschr\u00e4nkt oder komplett verhindert wird. Allerdings wird darauf hingewiesen, dass die Nutzung und insbesondere der Nutzungskomfort ohne Cookies eingeschr\u00e4nkt werden. Hier k\u00f6nnen Sie Ihre Cookie Einstellungen bearbeiten: [wt_cli_manage_consent]<\/span><\/p>\r\n\r\n\r\n\r\n<p>Sie k\u00f6nnen viele Online-Anzeigen-Cookies von Unternehmen \u00fcber die US-amerikanische Seite <a href=\"http:\/\/www.aboutads.info\/choices\/\">http:\/\/www.aboutads.info\/choices\/<\/a> oder die EU-Seite <a href=\"http:\/\/www.youronlinechoices.com\/uk\/your-ad-choices\/\">http:\/\/www.youronlinechoices.com\/uk\/your-ad-choices\/ <\/a> verwalten.<\/p>\r\n\r\n\r\n\r\n<p><strong>Widerruf, \u00c4nderungen, Berichtigungen und Aktualisierungen<\/strong><\/p>\r\n\r\n\r\n\r\n<p>Der Nutzer hat das Recht, auf Antrag unentgeltlich Auskunft zu erhalten \u00fcber die personenbezogenen Daten, die \u00fcber ihn gespeichert wurden. Zus\u00e4tzlich hat der Nutzer das Recht auf Berichtigung unrichtiger Daten, Sperrung und L\u00f6schung seiner personenbezogenen Daten, soweit dem keine gesetzliche Aufbewahrungspflicht entgegensteht.<\/p>\r\n\r\n\r\n\r\n<p><strong>Datenschutzerkl\u00e4rung f\u00fcr den Webanalysedienst Google Analytics<\/strong><\/p>\r\n\r\n\r\n\r\n<p>Diese Website benutzt Google Analytics, einen Webanalysedienst der Google Inc. (\u201eGoogle\u201c). Die Benutzung erfolgt auf der Grundlage des Art. 6 Abs. 1 S. 1 lit. f. DSGVO. Google Analytics verwendet sog. \u201eCookies\u201c, Textdateien, die auf Ihrem Computer gespeichert werden und die eine Analyse der Benutzung der Webseite durch Sie erm\u00f6glichen. Die durch den Cookie erzeugten Informationen \u00fcber Ihre Benutzung der Webseite wieBrowser-Typ\/-Version, verwendetes Betriebssystem, Referrer-URL (die zuvor besuchte Seite), Hostname des zugreifenden Rechners (IP-Adresse), Uhrzeit der Serveranfrage, werden in der Regel an einen Server von Google in den USA \u00fcbertragen und dort gespeichert. Die im Rahmen von Google Analytics von Ihrem Browser \u00fcbermittelte IP-Adresse wird nicht mit anderen Daten von Google zusammengef\u00fchrt. Wir haben zudem auf dieser Webseite Google Analytics um den Code \u201eanonymizeIP\u201c erweitert. Dies garantiert die Maskierung Ihrer IP-Adresse, sodass alle Daten anonym erhoben werden. Nur in Ausnahmef\u00e4llen wird die volle IP-Adresse an einen Server von Google in den USA \u00fcbertragen und dort gek\u00fcrzt. Im Auftrag des Betreibers dieser Website wird Google diese Information benutzen, um Ihre Nutzung der Webseite auszuwerten, um Reports \u00fcber die Webseiten-Aktivit\u00e4ten zusammenzustellen und um weitere mit der Webseiten-Nutzung und der Internetnutzung verbundene Dienstleistungen gegen\u00fcber dem Webseitenbetreiber zu erbringen. Sie k\u00f6nnen die Speicherung der Cookies durch eine entsprechende Einstellung Ihrer Browser-Software verhindern; wir weisen Sie jedoch darauf hin, dass Sie in diesem Fall m\u00f6glicherweise nicht s\u00e4mtliche Funktionen dieser Webseite vollumf\u00e4nglich werden nutzen k\u00f6nnen. Sie k\u00f6nnen dar\u00fcber hinaus die Erfassung der durch das Cookie erzeugten und auf Ihre Nutzung der Webseite bezogenen Daten (inkl. Ihrer IP-Adresse) an Google sowie die Verarbeitung dieser Daten durch Google verhindern, indem sie das unter dem folgenden Link verf\u00fcgbare Browser-Plugin herunterladen und installieren: <strong><a href=\"http:\/\/tools.google.com\/dlpage\/gaoptout?hl=de\">http:\/\/tools.google.com\/dlpage\/gaoptout?hl=de<\/a><\/strong>. Alternativ zum Browser-Add-On, insbesondere bei Browsern auf mobilen Endger\u00e4ten, k\u00f6nnen Sie die Erfassung durch Google Analytics zudem verhindern, indem Sie auf den folgenden Link klicken <strong><a href=\"javascript:gaoo_handle_optout();\" id=\"gaoo-link\" class=\"gaoo-link-deactivate\">Verbiete Google Analytics, mich zu verfolgen<\/a><\/strong>. Es wird ein Opt-Out-Cookie gesetzt, das die zuk\u00fcnftige Erfassung Ihrer Daten beim Besuch dieser Website verhindert. Der Opt-Out-Cookie gilt nur in diesem Browser und nur f\u00fcr unsere Website und wird auf Ihrem Ger\u00e4t abgelegt. L\u00f6schen Sie die Cookies in diesem Browser, m\u00fcssen Sie das Opt-Out-Cookie erneut setzen. Wir nutzen Google Analytics weiterhin dazu, Daten aus Double-Click-Cookies und auch AdWords zu statistischen Zwecken auszuwerten. Sollten Sie dies nicht w\u00fcnschen, k\u00f6nnen Sie dies \u00fcber den Anzeigenvorgaben-Manager <strong>(http:\/\/www.google.com\/settings\/ads\/onweb\/?hl=de)<\/strong> deaktivieren. Weitere Informationen zum Datenschutz im Zusammenhang mit Google Analytics finden Sie etwa in der Google Analytics-Hilfe <strong>(https:\/\/support.google.com\/analytics\/answer\/6004245?hl=de).<\/strong><\/p>\r\n\r\n\r\n\r\n<div class=\"wpb_wrapper\">\r\n<div class=\"sanjose-text text-left\">\r\n<div>\r\n<div class=\"col col-1of2 col-sm-12 wow fadeInLeft animated animated\" data-wow-duration=\"2s\" data-wow-delay=\"0.2s\">\r\n<p>Incari GmbH<br \/>Kemperplatz 1<br \/>D- 10785 Berlin<br \/>Germany<\/p>\r\n<p><a href=\"tel:+493069535730\">T +49 30 695 35 73 \u2013 0<\/a><br \/><a href=\"mailto:contact@incari.com\">E contact@incari.com<\/a><\/p>\r\n<p>Gesch\u00e4ftsf\u00fchrung<br \/>Osman Dumbuya<\/p>\r\n<p>HRB 135198 B<br \/>Ust. ID: DE276949461<\/p>\r\n<\/div>\r\n<p>&nbsp;<\/p>\r\n<\/div>\r\n<\/div>\r\n<\/div>\r\n\r\n<div class=\"woocommerce woocommerce-gzd woocommerce-gzd-complaints-shortcode\">\n\t\t\t<h3>Alternative Dispute Resolution in accordance with Art. 14 (1) ODR-VO and \u00a7 36 VSBG:<\/h3>\n\t\nWe are not obliged nor willing to participate in dispute settlement proceedings before a consumer arbitration board.<\/div>","protected":false},"excerpt":{"rendered":"<p>Datenschutzerkl\u00e4rung Geltungsbereich Diese Datenschutze [&hellip;]<\/p>\n","protected":false},"author":1,"featured_media":0,"parent":0,"menu_order":0,"comment_status":"closed","ping_status":"open","template":"","meta":{"_acf_changed":false,"footnotes":"","_links_to":"","_links_to_target":""},"class_list":["post-9839","page","type-page","status-publish","hentry"],"acf":[],"yoast_head":"<!-- This site is optimized with the Yoast SEO Premium plugin v27.5 (Yoast SEO v27.5) - https:\/\/yoast.com\/product\/yoast-seo-premium-wordpress\/ -->\n<title>\u7248\u672c\u8bf4\u660e - Incari<\/title>\n<meta name=\"robots\" content=\"index, follow, max-snippet:-1, max-image-preview:large, max-video-preview:-1\" \/>\n<link rel=\"canonical\" href=\"https:\/\/www.incari.com\/zh-hans\/%e7%89%88%e6%9c%ac%e8%af%b4%e6%98%8e\/\" \/>\n<meta property=\"og:locale\" content=\"zh_CN\" \/>\n<meta property=\"og:type\" content=\"article\" \/>\n<meta property=\"og:title\" content=\"\u7248\u672c\u8bf4\u660e\" \/>\n<meta property=\"og:description\" content=\"Datenschutzerkl\u00e4rung Geltungsbereich Diese Datenschutze [&hellip;]\" \/>\n<meta property=\"og:url\" content=\"https:\/\/www.incari.com\/zh-hans\/%e7%89%88%e6%9c%ac%e8%af%b4%e6%98%8e\/\" \/>\n<meta property=\"og:site_name\" content=\"Incari\" \/>\n<meta property=\"article:modified_time\" content=\"2023-02-20T14:37:28+00:00\" \/>\n<meta name=\"twitter:card\" content=\"summary_large_image\" \/>\n<meta name=\"twitter:label1\" content=\"\u9884\u8ba1\u9605\u8bfb\u65f6\u95f4\" \/>\n\t<meta name=\"twitter:data1\" content=\"5 \u5206\" \/>\n<script type=\"application\/ld+json\" class=\"yoast-schema-graph\">{\"@context\":\"https:\\\/\\\/schema.org\",\"@graph\":[{\"@type\":\"WebPage\",\"@id\":\"https:\\\/\\\/www.incari.com\\\/zh-hans\\\/%e7%89%88%e6%9c%ac%e8%af%b4%e6%98%8e\\\/\",\"url\":\"https:\\\/\\\/www.incari.com\\\/zh-hans\\\/%e7%89%88%e6%9c%ac%e8%af%b4%e6%98%8e\\\/\",\"name\":\"\u7248\u672c\u8bf4\u660e - Incari\",\"isPartOf\":{\"@id\":\"https:\\\/\\\/www.incari.com\\\/zh-hans\\\/#website\"},\"datePublished\":\"2020-08-25T12:52:15+00:00\",\"dateModified\":\"2023-02-20T14:37:28+00:00\",\"breadcrumb\":{\"@id\":\"https:\\\/\\\/www.incari.com\\\/zh-hans\\\/%e7%89%88%e6%9c%ac%e8%af%b4%e6%98%8e\\\/#breadcrumb\"},\"inLanguage\":\"zh-Hans\",\"potentialAction\":[{\"@type\":\"ReadAction\",\"target\":[\"https:\\\/\\\/www.incari.com\\\/zh-hans\\\/%e7%89%88%e6%9c%ac%e8%af%b4%e6%98%8e\\\/\"]}]},{\"@type\":\"BreadcrumbList\",\"@id\":\"https:\\\/\\\/www.incari.com\\\/zh-hans\\\/%e7%89%88%e6%9c%ac%e8%af%b4%e6%98%8e\\\/#breadcrumb\",\"itemListElement\":[{\"@type\":\"ListItem\",\"position\":1,\"name\":\"Home\",\"item\":\"https:\\\/\\\/www.incari.com\\\/zh-hans\\\/\"},{\"@type\":\"ListItem\",\"position\":2,\"name\":\"\u7248\u672c\u8bf4\u660e\"}]},{\"@type\":\"WebSite\",\"@id\":\"https:\\\/\\\/www.incari.com\\\/zh-hans\\\/#website\",\"url\":\"https:\\\/\\\/www.incari.com\\\/zh-hans\\\/\",\"name\":\"Incari\",\"description\":\"HMI Development Platform\",\"publisher\":{\"@id\":\"https:\\\/\\\/www.incari.com\\\/zh-hans\\\/#organization\"},\"potentialAction\":[{\"@type\":\"SearchAction\",\"target\":{\"@type\":\"EntryPoint\",\"urlTemplate\":\"https:\\\/\\\/www.incari.com\\\/zh-hans\\\/?s={search_term_string}\"},\"query-input\":{\"@type\":\"PropertyValueSpecification\",\"valueRequired\":true,\"valueName\":\"search_term_string\"}}],\"inLanguage\":\"zh-Hans\"},{\"@type\":\"Organization\",\"@id\":\"https:\\\/\\\/www.incari.com\\\/zh-hans\\\/#organization\",\"name\":\"Incari GmbH\",\"url\":\"https:\\\/\\\/www.incari.com\\\/zh-hans\\\/\",\"logo\":{\"@type\":\"ImageObject\",\"inLanguage\":\"zh-Hans\",\"@id\":\"https:\\\/\\\/www.incari.com\\\/zh-hans\\\/#\\\/schema\\\/logo\\\/image\\\/\",\"url\":\"https:\\\/\\\/www.incari.com\\\/wp-content\\\/uploads\\\/2022\\\/03\\\/Vertical.png\",\"contentUrl\":\"https:\\\/\\\/www.incari.com\\\/wp-content\\\/uploads\\\/2022\\\/03\\\/Vertical.png\",\"width\":1501,\"height\":772,\"caption\":\"Incari GmbH\"},\"image\":{\"@id\":\"https:\\\/\\\/www.incari.com\\\/zh-hans\\\/#\\\/schema\\\/logo\\\/image\\\/\"},\"sameAs\":[\"https:\\\/\\\/www.linkedin.com\\\/company\\\/incari-gmbh\",\"https:\\\/\\\/www.youtube.com\\\/channel\\\/UCItKf_Bm_5rEWzPH0YozF2Q\"]}]}<\/script>\n<!-- \/ Yoast SEO Premium plugin. -->","yoast_head_json":{"title":"\u7248\u672c\u8bf4\u660e - Incari","robots":{"index":"index","follow":"follow","max-snippet":"max-snippet:-1","max-image-preview":"max-image-preview:large","max-video-preview":"max-video-preview:-1"},"canonical":"https:\/\/www.incari.com\/zh-hans\/%e7%89%88%e6%9c%ac%e8%af%b4%e6%98%8e\/","og_locale":"zh_CN","og_type":"article","og_title":"\u7248\u672c\u8bf4\u660e","og_description":"Datenschutzerkl\u00e4rung Geltungsbereich Diese Datenschutze [&hellip;]","og_url":"https:\/\/www.incari.com\/zh-hans\/%e7%89%88%e6%9c%ac%e8%af%b4%e6%98%8e\/","og_site_name":"Incari","article_modified_time":"2023-02-20T14:37:28+00:00","twitter_card":"summary_large_image","twitter_misc":{"\u9884\u8ba1\u9605\u8bfb\u65f6\u95f4":"5 \u5206"},"schema":{"@context":"https:\/\/schema.org","@graph":[{"@type":"WebPage","@id":"https:\/\/www.incari.com\/zh-hans\/%e7%89%88%e6%9c%ac%e8%af%b4%e6%98%8e\/","url":"https:\/\/www.incari.com\/zh-hans\/%e7%89%88%e6%9c%ac%e8%af%b4%e6%98%8e\/","name":"\u7248\u672c\u8bf4\u660e - Incari","isPartOf":{"@id":"https:\/\/www.incari.com\/zh-hans\/#website"},"datePublished":"2020-08-25T12:52:15+00:00","dateModified":"2023-02-20T14:37:28+00:00","breadcrumb":{"@id":"https:\/\/www.incari.com\/zh-hans\/%e7%89%88%e6%9c%ac%e8%af%b4%e6%98%8e\/#breadcrumb"},"inLanguage":"zh-Hans","potentialAction":[{"@type":"ReadAction","target":["https:\/\/www.incari.com\/zh-hans\/%e7%89%88%e6%9c%ac%e8%af%b4%e6%98%8e\/"]}]},{"@type":"BreadcrumbList","@id":"https:\/\/www.incari.com\/zh-hans\/%e7%89%88%e6%9c%ac%e8%af%b4%e6%98%8e\/#breadcrumb","itemListElement":[{"@type":"ListItem","position":1,"name":"Home","item":"https:\/\/www.incari.com\/zh-hans\/"},{"@type":"ListItem","position":2,"name":"\u7248\u672c\u8bf4\u660e"}]},{"@type":"WebSite","@id":"https:\/\/www.incari.com\/zh-hans\/#website","url":"https:\/\/www.incari.com\/zh-hans\/","name":"Incari","description":"HMI Development Platform","publisher":{"@id":"https:\/\/www.incari.com\/zh-hans\/#organization"},"potentialAction":[{"@type":"SearchAction","target":{"@type":"EntryPoint","urlTemplate":"https:\/\/www.incari.com\/zh-hans\/?s={search_term_string}"},"query-input":{"@type":"PropertyValueSpecification","valueRequired":true,"valueName":"search_term_string"}}],"inLanguage":"zh-Hans"},{"@type":"Organization","@id":"https:\/\/www.incari.com\/zh-hans\/#organization","name":"Incari GmbH","url":"https:\/\/www.incari.com\/zh-hans\/","logo":{"@type":"ImageObject","inLanguage":"zh-Hans","@id":"https:\/\/www.incari.com\/zh-hans\/#\/schema\/logo\/image\/","url":"https:\/\/www.incari.com\/wp-content\/uploads\/2022\/03\/Vertical.png","contentUrl":"https:\/\/www.incari.com\/wp-content\/uploads\/2022\/03\/Vertical.png","width":1501,"height":772,"caption":"Incari GmbH"},"image":{"@id":"https:\/\/www.incari.com\/zh-hans\/#\/schema\/logo\/image\/"},"sameAs":["https:\/\/www.linkedin.com\/company\/incari-gmbh","https:\/\/www.youtube.com\/channel\/UCItKf_Bm_5rEWzPH0YozF2Q"]}]}},"jetpack_sharing_enabled":true,"_links":{"self":[{"href":"https:\/\/www.incari.com\/zh-hans\/wp-json\/wp\/v2\/pages\/9839","targetHints":{"allow":["GET"]}}],"collection":[{"href":"https:\/\/www.incari.com\/zh-hans\/wp-json\/wp\/v2\/pages"}],"about":[{"href":"https:\/\/www.incari.com\/zh-hans\/wp-json\/wp\/v2\/types\/page"}],"author":[{"embeddable":true,"href":"https:\/\/www.incari.com\/zh-hans\/wp-json\/wp\/v2\/users\/1"}],"replies":[{"embeddable":true,"href":"https:\/\/www.incari.com\/zh-hans\/wp-json\/wp\/v2\/comments?post=9839"}],"version-history":[{"count":0,"href":"https:\/\/www.incari.com\/zh-hans\/wp-json\/wp\/v2\/pages\/9839\/revisions"}],"wp:attachment":[{"href":"https:\/\/www.incari.com\/zh-hans\/wp-json\/wp\/v2\/media?parent=9839"}],"curies":[{"name":"wp","href":"https:\/\/api.w.org\/{rel}","templated":true}]}}