{"id":9810,"date":"2021-05-04T20:57:05","date_gmt":"2021-05-04T18:57:05","guid":{"rendered":"https:\/\/www.incari.com\/?page_id=9810"},"modified":"2023-03-24T16:37:53","modified_gmt":"2023-03-24T15:37:53","slug":"data-privacy","status":"publish","type":"page","link":"https:\/\/www.incari.com\/zh-hans\/data-privacy\/","title":{"rendered":"\ub370\uc774\ud130 \uac1c\uc778\uc815\ubcf4 \ucc98\ub9ac\ubc29\uce68"},"content":{"rendered":"<h3><strong>Hinweise zur Datenverarbeitung<\/strong><\/h3>\n<p>Diese Hinweise zur Datenverarbeitung betrifft die personenbezogenen Daten, die im Zusammenhang mit dem Abschluss, der Durchf\u00fchrung und der Beendigung eines Software-Lizenzvertrages zwischen Ihnen als Kunden und der Incari GmbH verarbeitet werden. F\u00fcr die weiteren Hinweise der Datenverarbeitung im Rahmen der Nutzung der Homepage der Incari GmbH wird auf die entsprechenden Datenschutzhinweise zur Nutzung der Homepage verwiesen: https:\/\/www.incari.com\/privacy-policy\/<\/p>\n<p><strong>1. Name und Kontaktdaten des f\u00fcr die Verarbeitung Verantwortlichen <\/strong><br \/>\nDiese Datenschutzhinweise gelten f\u00fcr die Datenverarbeitung durch Incari GmbH, Kemperplatz 1, 10785 Berlin, Deutschland, E-Mail: contact@incari.com, Telefon: +49 30 695 35 73 \u2013 0 vertreten durch den alleinvertretungsberechtigten Gesch\u00e4ftsf\u00fchrer Osman Dumbuya (im Folgenden \u201eIncari\u201c).<\/p>\n<p>Der bestellte Datenschutzbeauftragte der Incari GmbH ist Herr Paul Jankowski und zur erreichen \u00fcber Incari GmbH, z.H. Datenschutzbeauftragter, Kemperplatz 1, 10785 Berlin, Deutschland, E-Mail: paul.jankowski@incari.com .<\/p>\n<p><strong>2. Verarbeitete Daten, Zwecke der Datenverarbeitung und Rechtsgrundlagen<\/strong><br \/>\n<strong>a.<\/strong> Als Kunde von Incari k\u00f6nnen Sie \u00fcber die Homepage einen Softwarelizenzvertrag zur Nutzung von Software von Incari abschlie\u00dfen. Diese Software wird ausschlie\u00dflich f\u00fcr die gewerbliche Nutzung lizensiert. Dabei k\u00f6nnen Sie \u00fcber die Homepage einen Bestellprozess ansto\u00dfen, um den Software-Lizenzvertrag mit Incari abzuschlie\u00dfen. Es wird mit jedem Vertragsabschluss das Recht einger\u00e4umt, eine Kopie der Software pro Ger\u00e4t f\u00fcr je einen Nutzer weltweit zu nutzen. Der Software-Lizenzvertrag kann nach Ihrer Wahl einmalig mit der Dauer von zwei Wochen kostenlos geschlossen werden oder (danach) kostenpflichtig f\u00fcr die Dauer von einem Monat oder einem Jahr.<br \/>\n<strong>b.<\/strong> W\u00e4hrend des Bestellprozesses werden folgende personenbezogene Daten von Ihnen erhoben und verarbeitet: Der vollst\u00e4ndige Name, die (Gesch\u00e4fts-)Adresse, die (Gesch\u00e4fts-)E-Mail-Adresse und die (Gesch\u00e4fts-)Telefonnummer. Auch wird die Kommunikation per E-Mail, im Kundenkonto oder auf sonstige Weise zwischen Ihnen und Incari verarbeitet. Die Verarbeitung dieser Daten erfolgt zur Durchf\u00fchrung des zwischen dem Kunden und Incari abgeschlossenen Software Lizenzvertrages gem\u00e4\u00df Art. 6 Abs. 1 S. 1 lit. b DSGVO.<br \/>\n<strong>c.<\/strong> Incari wird bei Abschluss der Bestellung ein Kundenkonto (im Folgenden \u201eAccount\u201c) f\u00fcr Sie anlegen. Zus\u00e4tzlich zu den Informationen, die Sie Incari bei dem Bestellprozess gegeben haben, werden in Ihrem Account Ihr Passwort, Ihre Bestellhistorie, Ihre Rechnungen, Ihr Vertragsstatus, neue Versionen der Software, Ihre Kommunikation mit Incari und die Vertragslaufzeit verarbeitet. Incari sendet Ihnen per E-Mail einen Aktivierungslink f\u00fcr den Account zu, den Sie anklicken m\u00fcssen, um den Account zu aktivieren. Der Account ist notwendig, um Ihnen die Software und die dazugeh\u00f6rigen Vertragsinformationen von Incari in einfacher Form zur Verf\u00fcgung zu stellen und bei Nutzung der Software Ihre Zugangsberechtigung zu pr\u00fcfen. Auch erleichtert der Account die Durchf\u00fchrung des Software-Lizenzvertrages f\u00fcr beide Parteien, da auch Sie als Kunde alle Informationen an einer Stelle zusammengefasst finden und schnell und einfach mit Incari kommunizieren k\u00f6nnen. Das Anlegen und Aktivieren des Accounts ist erforderlich zur Durchf\u00fchrung des Software-Lizenzvertrages gem\u00e4\u00df Art. 6 Abs. 1 lit. b DSGVO. Auch ist das Anlegen des Accounts notwendig f\u00fcr die einfache und gleichzeitig effektive Verwaltung der abgeschlossenen Vertr\u00e4ge durch Incari und daher durch Incaris berechtigte Interessen gem\u00e4\u00df Art. 6 Abs. 1 lit. f DSGVO gerechtfertigt.<br \/>\n<strong>d.<\/strong> F\u00fcr den Bezahlungsprozess der kostenpflichtigen Vertr\u00e4ge werden (Gesch\u00e4fts-) Kreditkarten-Details (Kreditkartentyp, Kreditkartennummer, Ablaufdatum sowie CVC Card Code) erhoben und verarbeitet. Die Verarbeitung der Daten Ihrer Kreditkarte f\u00fcr die Zahlung oder f\u00fcr die Hinterlegung im Account sowie die Anwendung der Sicherheitsma\u00dfnahmen des Herausgebers Ihrer Kreditkarte wie 3D-Secure und starke Kundenauthentifizierung erfolgt unmittelbar bei dem Zahlungsdienstleister von Incari, der Stripe Payments Europe Ltd. Incari erh\u00e4lt keinen Zugang zu Ihren vollst\u00e4ndigen Kreditkartendaten und speichert nur eine Referenz in Form einer gek\u00fcrzten Kreditkartennummer, damit Incari Sie wiedererkennen kann.<br \/>\n<strong>e.<\/strong> Wird der jeweilige kostenpflichtige Vertrag nicht gek\u00fcndigt verl\u00e4ngert er sich automatisch um einen weiteren Monat \/ ein weiteres Jahr. Die Lizenzgeb\u00fchren sind dabei im Voraus zu zahlen. Daher bleiben die von Ihnen angegebenen Kreditkartendaten bei Stripe zum Zwecke der reibungslosen Zahlung gespeichert. Die jeweils hinterlegte Kreditkarte wird bei Verl\u00e4ngerung des Vertrages von Stripe automatisch erneut belastet. Dies dient der Erf\u00fcllung Ihrer Zahlungsverpflichtung aus dem Software-Lizenzvertrag gem\u00e4\u00df Art. 6 Abs. 1 lit. b DSGVO sowie dem berechtigten Interesse von Incari an einem einfachen und reibungslosen Zahlungsablauf nach Art. 6 Abs. 1 lit. f DSGVO.<\/p>\n<p><strong>3. Weitergabe von Daten an Dritte <\/strong><br \/>\nEine \u00dcbermittlung Ihrer pers\u00f6nlichen Daten an Dritte erfolgt wie folgt:<br \/>\n<strong>a.<\/strong> \u00d6ffentliche Stellen und Institutionen erhalten bei Vorliegen einer gesetzlichen und beh\u00f6rdlichen Verpflichtung, Art. 6 Abs. 1 S. 1 lit. c DSGVO, (z.B. Finanzamt, Geldinstitute) Ihre personenbezogenen Daten.<br \/>\n<strong>b.<\/strong> Ferner erh\u00e4lt unser Steuerberater zur Erstellung der Steuererkl\u00e4rung und zur Unterst\u00fctzung bei der Buchhaltung, also zur Wahrung der berechtigten Interessen von Incari, Art. 6 Abs. 1 S. 1 lit. f DSGVO, Ihre personenbezogenen Daten.<br \/>\n<strong>c.<\/strong> Au\u00dferdem verarbeitet Incari Ihre personenbezogenen Daten zur Aus\u00fcbung von oder Verteidigung gegen Rechtsanspr\u00fcche. Dabei werden Ihre Daten eventuell an Incaris Berater und\/oder Gerichte und Beh\u00f6rden weitergeleitet. Grundlage f\u00fcr diese Verarbeitung ist das berechtigte Interesse von Incari gem\u00e4\u00df Art. 6 Abs. 1 S. 1 lit. f DSGVO, soweit f\u00fcr die Weiterleitung nicht bereits eine gesetzliche Verpflichtung besteht.<br \/>\n<strong>d.<\/strong> Die Software-Lizenzen von Incari, die \u00fcber die Homepage bestellt werden k\u00f6nnen, sind ausschlie\u00dflich per Kreditkarte zahlbar. Dabei wird die Stripe Payments Europe, Ltd.,1 Grand Canal Street Lower, Grand Canal Dock, Dublin, Irland (im Folgenden \u201eStripe\u201c) als Zahlungsdienstleister genutzt. W\u00e4hrend des Bestellvorgangs werden von Ihnen an Incari mitgeteilten Informationen nebst den Informationen \u00fcber die Bestellung (Name, Anschrift, Rechnungsbetrag, W\u00e4hrung und Transaktionsnummer) gem\u00e4\u00df Art. 6 Abs. 1 lit. b DSGVO an Stripe weitergegeben. Die Kreditkarteninformationen selbst erh\u00e4lt Stripe, wie oben beschrieben. Die Weitergabe der Daten erfolgt ausschlie\u00dflich zum Zwecke der Zahlungsabwicklung mit Stripe und nur insoweit, als es hierf\u00fcr erforderlich ist. N\u00e4here Informationen zum Datenschutz von Stripe finden Sie unter Privacy Policy &#8211; Germany | Stripe | Germany und Privacy Center &#8211; Germany | Stripe. Bei einer eventuellen Daten\u00fcbertragung in die USA oder in andere L\u00e4nder au\u00dferhalb des europ\u00e4ischen Wirtschaftsraumes durch Stripe wird ein angemessenes Datenschutzniveau entweder durch Standardvertragsklauseln der EU-Kommission oder andere geeignete Ma\u00dfnahmen durch Stripe gew\u00e4hrleistet.<br \/>\n<strong>e.<\/strong> Wenn Sie den Bestellvorgang abbrechen und\/oder den Account nicht wie oben beschrieben aktivieren, werden alle von Ihnen erhobenen personenbezogene Daten nach sieben Tagen gel\u00f6scht.<\/p>\n<p><strong>4. Dauer der Speicherung personenbezogener Daten<\/strong><br \/>\n<strong>a.<\/strong> Die zur Durchf\u00fchrung des Software-Lizenzvertrages verarbeiteten personenbezogenen Daten werden auch nach Ablauf des Software-Lizenzvertrages gespeichert solange und soweit Incari nach Artikel 6 Abs. 1 S. 1 lit. c DSGVO aufgrund von steuer- und handelsrechtlichen Aufbewahrungs- und Dokumentationspflichten (aus HGB, StGB oder AO) zu einer l\u00e4ngeren Speicherung verpflichtet ist oder Sie in eine dar\u00fcberhinausgehende Speicherung nach Art. 6 Abs. 1 S. 1 lit. a DSGVO eingewilligt haben oder soweit die Speicherung zur Geltendmachung von Anspr\u00fcchen von Incari oder zur Verteidigung von Anspr\u00fcchen gegen Incari erforderlich ist oder um gegen Sie, Incari oder Dritte eine strafrechtliche Verfolgung einzuleiten oder Anspr\u00fcche vorzubringen, und solange solche Anspr\u00fcche geltend gemacht werden k\u00f6nnen. Bitte beachten Sie, dass die zivilrechtliche Verj\u00e4hrung bis zu 30 Jahren betragen kann.<br \/>\n<strong>b.<\/strong> Ihre Kontaktdaten, d.h. Ihr vollst\u00e4ndiger Name, die (Gesch\u00e4fts-)Adresse, die (Gesch\u00e4fts-)E-Mail-Adresse sowie die (Gesch\u00e4fts-)Telefonnummer speichert Incari \u00fcber diese Dauer hinaus zum Zwecke der Kontaktaufnahme, Netzwerkpflege und zul\u00e4ssigen Direktwerbung, also zur Wahrung von Incaris berechtigten Interessen gem\u00e4\u00df Art. 6 Abs. 1 S.1 lit. f DSGVO.<br \/>\n<strong>c.<\/strong> Ihr Account bei Incari bleibt auch nach Ablauf der Vertragslaufzeit bestehen, um Ihnen weiterhin die Nutzung der Services von Incari zu erm\u00f6glichen. Dies dient der Kontaktaufnahme und der Netzwerkpflege von Incari, also zur Wahrung der berechtigten Interessen von Incari nach Art. 6 Abs. 1 Satz 1 lit. f DSGVO. Sie k\u00f6nnen den Account auch per Mitteilung an contact@incari.com l\u00f6schen lassen. Ihre personenbezogenen Daten werden nach den oben genannten Regelungen bei Incari gespeichert.<\/p>\n<p><strong>5. Betroffenenrechte <\/strong><br \/>\nIhnen stehen bei Vorliegen der jeweiligen gesetzlichen Voraussetzungen die folgenden Rechte zu:<br \/>\n<strong>a.<\/strong> Recht auf Auskunft \u00fcber Ihre gespeicherten pers\u00f6nlichen Daten gem\u00e4\u00df Art. 15 DSGVO.<br \/>\n<strong>b.<\/strong> Recht auf Berichtigung unrichtiger oder auf Vervollst\u00e4ndigung Ihrer Daten gem\u00e4\u00df Art. 16 DSGVO.<br \/>\n<strong>c.<\/strong> Recht auf L\u00f6schung Ihrer gespeicherten Daten gem\u00e4\u00df Art. 17 DSGVO.<br \/>\n<strong>d.<\/strong> Recht auf Einschr\u00e4nkung der Verarbeitung Ihrer Daten gem\u00e4\u00df Art. 18 DSGVO.<br \/>\n<strong>e.<\/strong> Recht auf Daten\u00fcbertragbarkeit, d.h. zur Herausgabe der \u00fcber Sie gespeicherten Daten in einem strukturierten Format gem\u00e4\u00df Art. 20 DSGVO.<br \/>\n<strong>f.<\/strong> Beim Auskunfts- und L\u00f6schungsrecht gelten die Einschr\u00e4nkungen nach \u00a7\u00a7 34 und 35 BDSG.<br \/>\n<strong>g.<\/strong> Beschwerderecht bei einer Datenschutzaufsichtsbeh\u00f6rde gem\u00e4\u00df Art. 77 DSGVO.<\/p>\n<p><strong>6. Widerspruchsrecht <\/strong><br \/>\nSofern Ihre personenbezogenen Daten auf Grundlage von Incari\u2018s berechtigten Interessen gem\u00e4\u00df Art. 6 Abs. 1 S. 1 lit. f DSGVO verarbeitet werden oder die Verarbeitung gem\u00e4\u00df Art. 6 Abs. 1 S. 1 lit. e DSGVO f\u00fcr die Wahrnehmung einer Aufgabe erforderlich ist, die im \u00f6ffentlichen Interesse liegt oder in Aus\u00fcbung \u00f6ffentlicher Gewalt erfolgt, haben Sie das Recht, gem\u00e4\u00df Art. 21 DSGVO Widerspruch gegen die Verarbeitung Ihrer personenbezogenen Daten einzulegen, soweit daf\u00fcr Gr\u00fcnde vorliegen, die sich aus Ihrer besonderen Situation ergeben. M\u00f6chten Sie von Ihrem Widerspruchsrecht Gebrauch machen, gen\u00fcgt eine E-Mail an contact@incari.com.<\/p>\n<p><strong>7. Widerruflichkeit einer Einwilligung<\/strong><br \/>\nSoweit zur Verarbeitung Ihrer Daten Ihre Einwilligung erforderlich war und Sie diese erteilt haben, ist diese Einwilligung jederzeit frei widerruflich. Der Widerruf bedarf keiner Form und kann telefonisch +49 30 695 35 73 \u2013 0, schriftlich (Incari GmbH, Kemperplatz 1, 10785 Berlin) oder per E-Mail contact@incari.com erfolgen. Der Widerruf ber\u00fchrt nicht die Rechtm\u00e4\u00dfigkeit der bis zum Widerruf erfolgten Datenverarbeitung.<\/p>\n<p><strong>8. Pflicht zur Bereitstellung von Daten<\/strong><br \/>\nDie Bereitstellung Ihrer personenbezogenen Daten ist f\u00fcr die Begr\u00fcndung und Durchf\u00fchrung des Software-Lizenzvertrages und zur Erf\u00fcllung der vertraglichen und gesetzlichen Pflichten erforderlich. Ohne die Bereitstellung dieser Daten kann kein Vertragsverh\u00e4ltnis mit Ihnen eingegangen oder dieses muss beendet werden.<\/p>\n<p><strong>9. Automatisierte Entscheidungsfindung\/Profiling <\/strong><br \/>\na. Zur Begr\u00fcndung, Durchf\u00fchrung oder Beendigung eines Vertragsverh\u00e4ltnisses werden grunds\u00e4tzlich keine vollautomatisierte Entscheidungsfindung (sog. Scoring) gem\u00e4\u00df Art. 22 DSGVO genutzt.<br \/>\nb. Profiling gem\u00e4\u00df Art. 4 Nr. 4 DSGVO ist jede Art der automatisierten Verarbeitung personenbezogener Daten um bestimmte Aspekte bezogen auf eine nat\u00fcrliche Person zu bewerten, analysieren oder vorherzusagen (z. B. Arbeitsleistung, wirtschaftliche Lage, pers\u00f6nliche Interessen, Zuverl\u00e4ssigkeit, Verhalten, -Aufenthaltsort). Profiling wird nicht eingesetzt.<\/p>\n<p>&nbsp;<\/p>\n<p style=\"text-align: center;\">Stand Juli 2021<\/p>\n","protected":false},"excerpt":{"rendered":"<p>Hinweise zur Datenverarbeitung Diese Hinweise zur Daten [&hellip;]<\/p>\n","protected":false},"author":1,"featured_media":0,"parent":0,"menu_order":0,"comment_status":"closed","ping_status":"closed","template":"","meta":{"_acf_changed":false,"footnotes":"","_links_to":"","_links_to_target":""},"class_list":["post-9810","page","type-page","status-publish","hentry"],"acf":[],"yoast_head":"<!-- This site is optimized with the Yoast SEO Premium plugin v27.5 (Yoast SEO v27.5) - https:\/\/yoast.com\/product\/yoast-seo-premium-wordpress\/ -->\n<title>\ub370\uc774\ud130 \uac1c\uc778\uc815\ubcf4 \ucc98\ub9ac\ubc29\uce68 - Incari<\/title>\n<meta name=\"robots\" content=\"index, follow, max-snippet:-1, max-image-preview:large, max-video-preview:-1\" \/>\n<link rel=\"canonical\" href=\"https:\/\/www.incari.com\/zh-hans\/data-privacy\/\" \/>\n<meta property=\"og:locale\" content=\"zh_CN\" \/>\n<meta property=\"og:type\" content=\"article\" \/>\n<meta property=\"og:title\" content=\"\ub370\uc774\ud130 \uac1c\uc778\uc815\ubcf4 \ucc98\ub9ac\ubc29\uce68\" \/>\n<meta property=\"og:description\" content=\"Hinweise zur Datenverarbeitung Diese Hinweise zur Daten [&hellip;]\" \/>\n<meta property=\"og:url\" content=\"https:\/\/www.incari.com\/zh-hans\/data-privacy\/\" \/>\n<meta property=\"og:site_name\" content=\"Incari\" \/>\n<meta property=\"article:modified_time\" content=\"2023-03-24T15:37:53+00:00\" \/>\n<meta name=\"twitter:card\" content=\"summary_large_image\" \/>\n<meta name=\"twitter:label1\" content=\"\u9884\u8ba1\u9605\u8bfb\u65f6\u95f4\" \/>\n\t<meta name=\"twitter:data1\" content=\"7 \u5206\" \/>\n<script type=\"application\/ld+json\" class=\"yoast-schema-graph\">{\"@context\":\"https:\\\/\\\/schema.org\",\"@graph\":[{\"@type\":\"WebPage\",\"@id\":\"https:\\\/\\\/www.incari.com\\\/zh-hans\\\/data-privacy\\\/\",\"url\":\"https:\\\/\\\/www.incari.com\\\/zh-hans\\\/data-privacy\\\/\",\"name\":\"\ub370\uc774\ud130 \uac1c\uc778\uc815\ubcf4 \ucc98\ub9ac\ubc29\uce68 - Incari\",\"isPartOf\":{\"@id\":\"https:\\\/\\\/www.incari.com\\\/zh-hans\\\/#website\"},\"datePublished\":\"2021-05-04T18:57:05+00:00\",\"dateModified\":\"2023-03-24T15:37:53+00:00\",\"breadcrumb\":{\"@id\":\"https:\\\/\\\/www.incari.com\\\/zh-hans\\\/data-privacy\\\/#breadcrumb\"},\"inLanguage\":\"zh-Hans\",\"potentialAction\":[{\"@type\":\"ReadAction\",\"target\":[\"https:\\\/\\\/www.incari.com\\\/zh-hans\\\/data-privacy\\\/\"]}]},{\"@type\":\"BreadcrumbList\",\"@id\":\"https:\\\/\\\/www.incari.com\\\/zh-hans\\\/data-privacy\\\/#breadcrumb\",\"itemListElement\":[{\"@type\":\"ListItem\",\"position\":1,\"name\":\"Home\",\"item\":\"https:\\\/\\\/www.incari.com\\\/zh-hans\\\/\"},{\"@type\":\"ListItem\",\"position\":2,\"name\":\"\ub370\uc774\ud130 \uac1c\uc778\uc815\ubcf4 \ucc98\ub9ac\ubc29\uce68\"}]},{\"@type\":\"WebSite\",\"@id\":\"https:\\\/\\\/www.incari.com\\\/zh-hans\\\/#website\",\"url\":\"https:\\\/\\\/www.incari.com\\\/zh-hans\\\/\",\"name\":\"Incari\",\"description\":\"HMI Development Platform\",\"publisher\":{\"@id\":\"https:\\\/\\\/www.incari.com\\\/zh-hans\\\/#organization\"},\"potentialAction\":[{\"@type\":\"SearchAction\",\"target\":{\"@type\":\"EntryPoint\",\"urlTemplate\":\"https:\\\/\\\/www.incari.com\\\/zh-hans\\\/?s={search_term_string}\"},\"query-input\":{\"@type\":\"PropertyValueSpecification\",\"valueRequired\":true,\"valueName\":\"search_term_string\"}}],\"inLanguage\":\"zh-Hans\"},{\"@type\":\"Organization\",\"@id\":\"https:\\\/\\\/www.incari.com\\\/zh-hans\\\/#organization\",\"name\":\"Incari GmbH\",\"url\":\"https:\\\/\\\/www.incari.com\\\/zh-hans\\\/\",\"logo\":{\"@type\":\"ImageObject\",\"inLanguage\":\"zh-Hans\",\"@id\":\"https:\\\/\\\/www.incari.com\\\/zh-hans\\\/#\\\/schema\\\/logo\\\/image\\\/\",\"url\":\"https:\\\/\\\/www.incari.com\\\/wp-content\\\/uploads\\\/2022\\\/03\\\/Vertical.png\",\"contentUrl\":\"https:\\\/\\\/www.incari.com\\\/wp-content\\\/uploads\\\/2022\\\/03\\\/Vertical.png\",\"width\":1501,\"height\":772,\"caption\":\"Incari GmbH\"},\"image\":{\"@id\":\"https:\\\/\\\/www.incari.com\\\/zh-hans\\\/#\\\/schema\\\/logo\\\/image\\\/\"},\"sameAs\":[\"https:\\\/\\\/www.linkedin.com\\\/company\\\/incari-gmbh\",\"https:\\\/\\\/www.youtube.com\\\/channel\\\/UCItKf_Bm_5rEWzPH0YozF2Q\"]}]}<\/script>\n<!-- \/ Yoast SEO Premium plugin. -->","yoast_head_json":{"title":"\ub370\uc774\ud130 \uac1c\uc778\uc815\ubcf4 \ucc98\ub9ac\ubc29\uce68 - Incari","robots":{"index":"index","follow":"follow","max-snippet":"max-snippet:-1","max-image-preview":"max-image-preview:large","max-video-preview":"max-video-preview:-1"},"canonical":"https:\/\/www.incari.com\/zh-hans\/data-privacy\/","og_locale":"zh_CN","og_type":"article","og_title":"\ub370\uc774\ud130 \uac1c\uc778\uc815\ubcf4 \ucc98\ub9ac\ubc29\uce68","og_description":"Hinweise zur Datenverarbeitung Diese Hinweise zur Daten [&hellip;]","og_url":"https:\/\/www.incari.com\/zh-hans\/data-privacy\/","og_site_name":"Incari","article_modified_time":"2023-03-24T15:37:53+00:00","twitter_card":"summary_large_image","twitter_misc":{"\u9884\u8ba1\u9605\u8bfb\u65f6\u95f4":"7 \u5206"},"schema":{"@context":"https:\/\/schema.org","@graph":[{"@type":"WebPage","@id":"https:\/\/www.incari.com\/zh-hans\/data-privacy\/","url":"https:\/\/www.incari.com\/zh-hans\/data-privacy\/","name":"\ub370\uc774\ud130 \uac1c\uc778\uc815\ubcf4 \ucc98\ub9ac\ubc29\uce68 - Incari","isPartOf":{"@id":"https:\/\/www.incari.com\/zh-hans\/#website"},"datePublished":"2021-05-04T18:57:05+00:00","dateModified":"2023-03-24T15:37:53+00:00","breadcrumb":{"@id":"https:\/\/www.incari.com\/zh-hans\/data-privacy\/#breadcrumb"},"inLanguage":"zh-Hans","potentialAction":[{"@type":"ReadAction","target":["https:\/\/www.incari.com\/zh-hans\/data-privacy\/"]}]},{"@type":"BreadcrumbList","@id":"https:\/\/www.incari.com\/zh-hans\/data-privacy\/#breadcrumb","itemListElement":[{"@type":"ListItem","position":1,"name":"Home","item":"https:\/\/www.incari.com\/zh-hans\/"},{"@type":"ListItem","position":2,"name":"\ub370\uc774\ud130 \uac1c\uc778\uc815\ubcf4 \ucc98\ub9ac\ubc29\uce68"}]},{"@type":"WebSite","@id":"https:\/\/www.incari.com\/zh-hans\/#website","url":"https:\/\/www.incari.com\/zh-hans\/","name":"Incari","description":"HMI Development Platform","publisher":{"@id":"https:\/\/www.incari.com\/zh-hans\/#organization"},"potentialAction":[{"@type":"SearchAction","target":{"@type":"EntryPoint","urlTemplate":"https:\/\/www.incari.com\/zh-hans\/?s={search_term_string}"},"query-input":{"@type":"PropertyValueSpecification","valueRequired":true,"valueName":"search_term_string"}}],"inLanguage":"zh-Hans"},{"@type":"Organization","@id":"https:\/\/www.incari.com\/zh-hans\/#organization","name":"Incari GmbH","url":"https:\/\/www.incari.com\/zh-hans\/","logo":{"@type":"ImageObject","inLanguage":"zh-Hans","@id":"https:\/\/www.incari.com\/zh-hans\/#\/schema\/logo\/image\/","url":"https:\/\/www.incari.com\/wp-content\/uploads\/2022\/03\/Vertical.png","contentUrl":"https:\/\/www.incari.com\/wp-content\/uploads\/2022\/03\/Vertical.png","width":1501,"height":772,"caption":"Incari GmbH"},"image":{"@id":"https:\/\/www.incari.com\/zh-hans\/#\/schema\/logo\/image\/"},"sameAs":["https:\/\/www.linkedin.com\/company\/incari-gmbh","https:\/\/www.youtube.com\/channel\/UCItKf_Bm_5rEWzPH0YozF2Q"]}]}},"jetpack_sharing_enabled":true,"_links":{"self":[{"href":"https:\/\/www.incari.com\/zh-hans\/wp-json\/wp\/v2\/pages\/9810","targetHints":{"allow":["GET"]}}],"collection":[{"href":"https:\/\/www.incari.com\/zh-hans\/wp-json\/wp\/v2\/pages"}],"about":[{"href":"https:\/\/www.incari.com\/zh-hans\/wp-json\/wp\/v2\/types\/page"}],"author":[{"embeddable":true,"href":"https:\/\/www.incari.com\/zh-hans\/wp-json\/wp\/v2\/users\/1"}],"replies":[{"embeddable":true,"href":"https:\/\/www.incari.com\/zh-hans\/wp-json\/wp\/v2\/comments?post=9810"}],"version-history":[{"count":0,"href":"https:\/\/www.incari.com\/zh-hans\/wp-json\/wp\/v2\/pages\/9810\/revisions"}],"wp:attachment":[{"href":"https:\/\/www.incari.com\/zh-hans\/wp-json\/wp\/v2\/media?parent=9810"}],"curies":[{"name":"wp","href":"https:\/\/api.w.org\/{rel}","templated":true}]}}